{"id":19659,"date":"2023-10-31T18:28:39","date_gmt":"2023-10-31T17:28:39","guid":{"rendered":"https:\/\/anihabara.de\/?page_id=19659"},"modified":"2024-01-15T04:06:13","modified_gmt":"2024-01-15T03:06:13","slug":"schreib-mit-bei-anihabara-de","status":"publish","type":"page","link":"https:\/\/anihabara.de\/index.php\/schreib-mit-bei-anihabara-de\/","title":{"rendered":"Schreib mit bei Anihabara.de"},"content":{"rendered":"<p><span style=\"font-size: 16pt;\">Warum Anihabara.de? Weil wir uns ernsthaft unterst\u00fctzen.<br \/>\n<\/span><\/p>\n<p><img fetchpriority=\"high\" decoding=\"async\" class=\" alignright size-full wp-image-9843\" style=\"width: 40%; float: right;\" src=\"https:\/\/anihabara.de\/wp-content\/uploads\/2016\/02\/computer.jpg\" alt=\"Idee?\" width=\"2560\" height=\"1440\" border=\"0\" srcset=\"https:\/\/anihabara.de\/wp-content\/uploads\/2016\/02\/computer.jpg 2560w, https:\/\/anihabara.de\/wp-content\/uploads\/2016\/02\/computer-300x169.jpg 300w, https:\/\/anihabara.de\/wp-content\/uploads\/2016\/02\/computer-1024x576.jpg 1024w, https:\/\/anihabara.de\/wp-content\/uploads\/2016\/02\/computer-768x432.jpg 768w, https:\/\/anihabara.de\/wp-content\/uploads\/2016\/02\/computer-1536x864.jpg 1536w, https:\/\/anihabara.de\/wp-content\/uploads\/2016\/02\/computer-2048x1152.jpg 2048w, https:\/\/anihabara.de\/wp-content\/uploads\/2016\/02\/computer-1422x800.jpg 1422w, https:\/\/anihabara.de\/wp-content\/uploads\/2016\/02\/computer-600x338.jpg 600w\" sizes=\"(max-width: 2560px) 100vw, 2560px\" \/>Anihabara.de lebt von seinen flei\u00dfigen und motivierten Schreibern, die Spa\u00df daran haben, an ihre Ideen auf der Seite zu arbeiten. Bei nur wenigen Leuten kommt man bei der F\u00fclle an Content jedoch schnell an die eigenen Grenzen. Daher sind wir immer offen f\u00fcr Leute, die uns unter die Arme greifen und Verantwortung \u00fcbernehmen wollen.<\/p>\n<p>So sind wir schon seit einigen Jahren in der Anime-Szene unterwegs und zwei Dinge haben sich \u00fcber die Jahre und \u00fcber die Projekte nie ge\u00e4ndert: Bei uns gibt es keine Hierarchien und wir schreiben niemandem vor, in welcher Form er mitwirkt. So sind \u00fcber die Jahre gute Freund- und Partnerschaften gewachsen.<\/p>\n<p><span style=\"font-size: 16pt;\">Was gibt es bei uns zu tun?<br \/>\n<\/span><\/p>\n<p><strong>Der Newsredakteur:<br \/>\n<\/strong><\/p>\n<p>Der Newsschreiber k\u00fcmmert sich um das Beschaffen, B\u00fcndeln und Umsetzen von Informationen in News. Dabei schreibst du \u00fcber die Themen, die dich am meisten interessieren. Von Vorteil sind hierbei gute Englischkenntnisse, um sich auch englischsprachigen Quellen bedienen zu k\u00f6nnen.<\/p>\n<p><strong>Der Kolumnist:<\/strong><\/p>\n<p>Der Kolumnist soll Enthusiasmus f\u00fcr seine Themen zeigen oder zum Denken anregen. Wer sich also mit einer Sache besonders auskennt, ist hier gut aufgehoben. Ziel ist es, regelm\u00e4\u00dfig \u00fcber seine Themen zu erz\u00e4hlen, aber auch Interviews zu aktuellen Neuerscheinungen oder Entwicklungen sind gern gesehen.<\/p>\n<p><strong>Der Podcaster:<\/strong><\/p>\n<p>Der Podcaster schreibt weniger: Er tauscht sich mit anderen im Gespr\u00e4ch aus. Viel Arbeit ist das trotzdem: So m\u00fcssen f\u00fcr jeden Podcast Themen und G\u00e4ste gefunden, Ablaufskripte geschrieben, Notizen zurechtgelegt und bei der Aufnahme die G\u00e4ste mit durchs Thema genommen werden.<\/p>\n<p><strong>Der Reviewer:<\/strong><\/p>\n<p>Der Reviewer schnappt sich einen Anime, Manga oder ein Game und bewertet es. Dabei sollte die Pers\u00f6nlichkeit und Expertise des Reviewers durchscheinen. Es ist schon eine echte Kunst, Bez\u00fcge herzustellen und Schw\u00e4chen herausstellen zu k\u00f6nnen.<\/p>\n<p><span style=\"font-size: 16pt;\">Was ist uns selbst wichtig?<br \/>\n<\/span><\/p>\n<ul>\n<li>viel Gehirn: Wir helfen uns unsere Ideen umzusetzen und geben gerne Feedback zu Texten untereinander.<\/li>\n<li>viel Vielfalt: Wir beschr\u00e4nken uns nicht auf eine Textform. Uns zeichnen auch sch\u00f6ne Podcasts aus.<\/li>\n<li>viel Partizipation: Die meisten Rubriken auf Anihabara.de sind so gestaltet, dass man sich schnell einklinken kann.<\/li>\n<li>viel Professionalit\u00e4t: Unsere Sache wollen wir gut machen und das auch ernsthaft.<\/li>\n<li>viel Unabh\u00e4ngigkeit: Gesponserte Themen und News lehnen wir ab.<\/li>\n<li>viel Menschlichkeit: Letztendlich sind wir aber ein Haufen Fans, die gut miteinander auskommen.<\/li>\n<\/ul>\n<p><span style=\"font-size: 16pt;\">Wie kommt man mit uns in Kontakt?<br \/>\n<\/span><\/p>\n<p>Ganz traditionell kann man uns nat\u00fcrlich per E-Mail erreichen unter info[at]anihabara.de. Wir erwarten dabei keine Motivationsschreiben oder Formalit\u00e4ten. Ansonsten freuen wir uns auch, via <a href=\"https:\/\/facebook.com\/anihabara.de\/\" target=\"_blank\" rel=\"noopener\">Facebook<\/a>, <a href=\"https:\/\/twitter.com\/anihabara_de\" target=\"_blank\" rel=\"noopener\">Twitter<\/a> oder Discord (Dimbula#4485) von euch zu h\u00f6ren. Es sind keine Vorkenntnisse n\u00f6tig. Auch f\u00fcr einzelne Gastbeitr\u00e4ge oder Themenvorschl\u00e4ge sind wir offen. Also keine Scheu!<\/p>\n","protected":false},"excerpt":{"rendered":"<p>Warum Anihabara.de? Weil wir uns ernsthaft unterst\u00fctzen. Anihabara.de lebt von seinen flei\u00dfigen und motivierten Schreibern, die Spa\u00df daran haben, an ihre Ideen auf der Seite zu arbeiten. Bei nur wenigen Leuten kommt man bei der F\u00fclle an Content jedoch schnell an die eigenen Grenzen. Daher sind wir immer offen f\u00fcr Leute, die uns unter die [&hellip;]<\/p>\n","protected":false},"author":1,"featured_media":0,"parent":0,"menu_order":0,"comment_status":"closed","ping_status":"closed","template":"","meta":{"_acf_changed":false,"episode_type":"","audio_file":"","cover_image":"","cover_image_id":"","duration":"","filesize":"","date_recorded":"","explicit":"","block":"","filesize_raw":"","footnotes":""},"class_list":["post-19659","page","type-page","status-publish","hentry"],"acf":[],"_links":{"self":[{"href":"https:\/\/anihabara.de\/index.php\/wp-json\/wp\/v2\/pages\/19659","targetHints":{"allow":["GET"]}}],"collection":[{"href":"https:\/\/anihabara.de\/index.php\/wp-json\/wp\/v2\/pages"}],"about":[{"href":"https:\/\/anihabara.de\/index.php\/wp-json\/wp\/v2\/types\/page"}],"author":[{"embeddable":true,"href":"https:\/\/anihabara.de\/index.php\/wp-json\/wp\/v2\/users\/1"}],"replies":[{"embeddable":true,"href":"https:\/\/anihabara.de\/index.php\/wp-json\/wp\/v2\/comments?post=19659"}],"version-history":[{"count":3,"href":"https:\/\/anihabara.de\/index.php\/wp-json\/wp\/v2\/pages\/19659\/revisions"}],"predecessor-version":[{"id":26546,"href":"https:\/\/anihabara.de\/index.php\/wp-json\/wp\/v2\/pages\/19659\/revisions\/26546"}],"wp:attachment":[{"href":"https:\/\/anihabara.de\/index.php\/wp-json\/wp\/v2\/media?parent=19659"}],"curies":[{"name":"wp","href":"https:\/\/api.w.org\/{rel}","templated":true}]}}